{"id":2,"date":"2025-09-28T12:47:58","date_gmt":"2025-09-28T12:47:58","guid":{"rendered":"https:\/\/lightgrey-bee-423713.hostingersite.com\/?page_id=2"},"modified":"2026-04-12T22:10:21","modified_gmt":"2026-04-13T02:10:21","slug":"home","status":"publish","type":"page","link":"https:\/\/mtllocal.com\/fr\/","title":{"rendered":"Accueil"},"content":{"rendered":"<div class=\"et_pb_section_0 et_pb_section et_section_regular et_block_section\">\n<div class=\"et_pb_row_0 et_pb_row et_block_row\">\n<div class=\"et_pb_column_0 et_pb_column et_pb_column_4_4 et-last-child et_block_column et_pb_css_mix_blend_mode_passthrough\">\n<div class=\"et_pb_heading_0 et_pb_heading et_animated et_pb_module et_block_module\"><div class=\"et_pb_heading_container\"><h1 class=\"et_pb_module_header\">Trouvez les meilleures entreprises locales \u00e0 Montr\u00e9al<\/h1><\/div><\/div>\n\n<div class=\"et_pb_text_0 et_pb_text et_pb_bg_layout_light et_animated et_pb_module et_block_module et_pb_text_align_center\"><div class=\"et_pb_text_inner\"><p>Nous aidons les entrepreneurs locaux \u00e0 se d\u00e9velopper tout en facilitant la d\u00e9couverte et le soutien des entreprises par les Montr\u00e9alais.<\/p>\n<\/div><\/div>\n\n<div class=\"et_pb_module et_pb_button_module_wrapper et_pb_button_0_wrapper\"><a class=\"et_pb_button_0 et_pb_button et_pb_bg_layout_light et_animated et_pb_module et_block_module\" href=\"https:\/\/mtllocal.com\/fr\/entreprises\/\" data-icon=\"$\">D\u00e9couvrir les entreprises locales<\/a><\/div>\n<\/div>\n<\/div>\n<\/div>\n\n<div class=\"et_pb_section_1 et_pb_section et_section_regular et_block_section\">\n<div class=\"et_pb_row_1 et_pb_row et_block_row\">\n<div class=\"et_pb_column_1 et_pb_column et_pb_column_1_2 et_block_column et_pb_css_mix_blend_mode_passthrough\">\n<div class=\"et_pb_heading_1 et_pb_heading et_pb_module et_block_module\"><div class=\"et_pb_heading_container\"><h2 class=\"et_pb_module_header\">Montr\u00e9al Local ? Votre annuaire des entreprises de Montr\u00e9al<\/h2><\/div><\/div>\n\n<div class=\"et_pb_text_1 et_pb_text et_pb_bg_layout_light et_pb_module et_block_module\"><div class=\"et_pb_text_inner\"><p>Montreal Local est un r\u00e9pertoire d'entreprises montr\u00e9alaises gratuit con\u00e7u pour connecter les Montr\u00e9alais avec les meilleures entreprises locales de leur quartier. Que vous cherchiez un restaurant dans le Plateau, un plombier \u00e0 NDG, ou un salon de coiffure \u00e0 Verdun, Montreal Local facilite la recherche et le soutien des entreprises locales dans toute la ville.<\/p>\n<\/div><\/div>\n\n<div class=\"et_pb_text_2 et_pb_text et_pb_bg_layout_light et_pb_module et_block_module\"><div class=\"et_pb_text_inner\"><p>Contrairement aux grands annuaires d'entreprises, Montr\u00e9al Local se concentre exclusivement sur la r\u00e9gion de Montr\u00e9al \u2014 c\u00e9l\u00e9brant les entreprises ind\u00e9pendantes et les entrepreneurs locaux qui rendent cette ville unique.<\/p>\n<\/div><\/div>\n\n<div class=\"et_pb_heading_2 et_pb_heading et_pb_module et_block_module\"><div class=\"et_pb_heading_container\"><h3 class=\"et_pb_module_header\">Comment \u00e7a marche ?<\/h3><\/div><\/div>\n\n<div class=\"et_pb_text_3 et_pb_text et_pb_bg_layout_light et_pb_module et_block_module\"><div class=\"et_pb_text_inner\"><p>Utiliser Montr\u00e9al Local est simple. Parcourez notre annuaire par cat\u00e9gorie ou par quartier, lisez les profils d'entreprises et d\u00e9couvrez de nouveaux favoris locaux \u00e0 travers Montr\u00e9al. Des restaurants et caf\u00e9s aux studios de bien-\u00eatre et services \u00e0 domicile, nos listes d'entreprises montr\u00e9alaises couvrent tous les recoins de la ville.<\/p>\n<\/div><\/div>\n\n<div class=\"et_pb_text_4 et_pb_text et_pb_bg_layout_light et_pb_module et_block_module\"><div class=\"et_pb_text_inner\"><p>\u00cates-vous un propri\u00e9taire de petite entreprise? L'inscription est simple et gratuite, il suffit de r\u00e9server un <a href=\"https:\/\/mtllocal.com\/fr\/etre-mis-a-lhonneur\/\">appel gratuit de 15 minutes<\/a> avec Christian pour partager votre histoire. Nous nous chargerons de cr\u00e9er votre fiche pour que vous soyez d\u00e9couvert par les Montr\u00e9alais qui recherchent des entreprises locales pr\u00e8s de chez eux.<\/p>\n<\/div><\/div>\n\n<div class=\"et_pb_text_5 et_pb_text et_pb_bg_layout_light et_pb_module et_block_module\"><div class=\"et_pb_text_inner\"><p>Montreal Local est plus qu'un r\u00e9pertoire \u2014 c'est une communaut\u00e9 construite autour du soutien aux entreprises locales de Montr\u00e9al et aux gens qui aiment cette ville.<\/p>\n<\/div><\/div>\n\n<div class=\"et_pb_module et_pb_button_module_wrapper et_pb_button_1_wrapper\"><a class=\"et_pb_button_1 et_pb_button et_pb_bg_layout_light et_pb_module et_block_module\" href=\"https:\/\/mtllocal.com\/fr\/entreprises\/\" data-icon=\"$\">D\u00e9couvrir les entreprises locales<\/a><\/div>\n<\/div>\n\n<div class=\"et_pb_column_2 et_pb_column et_pb_column_1_2 et-last-child et_block_column et_pb_css_mix_blend_mode_passthrough\">\n<div class=\"et_pb_image_0 et_pb_image et_pb_module et_block_module\"><span class=\"et_pb_image_wrap\"><img loading=\"lazy\" decoding=\"async\" src=\"https:\/\/mtllocal.com\/wp-content\/uploads\/2025\/10\/Support-Local-Business-Sign-on-Sidewalk.png\" width=\"1536\" height=\"1024\" sizes=\"(max-width: 1536px) 100vw, 1536px\" class=\"wp-image-27825\" title=\"Panneau de soutien aux entreprises locales sur le trottoir\" alt=\"\"><\/span><\/div>\n<\/div>\n<\/div>\n<\/div>\n\n<div class=\"et_pb_section_2 et_pb_section et_section_regular et_block_section\">\n<div class=\"et_pb_row_2 et_pb_row et_block_row\">\n<div class=\"et_pb_column_3 et_pb_column et_pb_column_4_4 et-last-child et_block_column et_pb_css_mix_blend_mode_passthrough\">\n<div class=\"et_pb_heading_3 et_pb_heading et_pb_module et_block_module\"><div class=\"et_pb_heading_container\"><h3 class=\"et_pb_module_header\">Entreprises r\u00e9cemment ajout\u00e9es<\/h3><\/div><\/div>\n\n<div class=\"et_pb_blog_0 et_pb_blog et_pb_bg_layout_light et_pb_posts et_pb_module\"><div class=\"et_pb_ajax_pagination_container\"><div class=\"et_pb_posts et_grid_module\"><article class=\"et_pb_post et_pb_post_id_28557 clearfix et_pb_blog_item_0_0 post-28557 post type-post status-publish format-standard has-post-thumbnail hentry category-home-services\"><div class=\"et_pb_image_container\"><a href=\"https:\/\/mtllocal.com\/fr\/montreal-island\/home-services\/groupe-pgms\/\" class=\"entry-featured-image-url\"><img loading=\"lazy\" decoding=\"async\" src=\"https:\/\/mtllocal.com\/wp-content\/uploads\/2026\/03\/Untitled-design.jpg\" width=\"400\" height=\"284\" alt=\"Groupe PGMS\" class=\"\" srcset=\"https:\/\/mtllocal.com\/wp-content\/uploads\/2026\/03\/Untitled-design.jpg 479w, https:\/\/mtllocal.com\/wp-content\/uploads\/2026\/03\/Untitled-design-400x284.jpg 480w\" sizes=\"(max-width:479px) 479px, 100vw\" title=\"\"><span data-icon=\"\ue050\" class=\"et_overlay et_pb_inline_icon\"><\/span><\/a><\/div><h2 class=\"entry-title\"><a href=\"https:\/\/mtllocal.com\/fr\/montreal-island\/home-services\/groupe-pgms\/\">Groupe PGMS<\/a><\/h2><p class=\"post-meta\"><span class=\"entry-categories\"><a href=\"https:\/\/mtllocal.com\/fr\/montreal-island\/home-services\/\" rel=\"tag\">Services \u00e0 domicile (\u00cele de Montr\u00e9al)<\/a><\/span><\/p><div class=\"post-content\"><div class=\"post-content-inner\"><p>Des cl\u00f4tures de c\u00e8dre aux all\u00e9es pav\u00e9es, le Groupe PGMS s'occupe de tous vos projets ext\u00e9rieurs dans la grande r\u00e9gion de Montr\u00e9al.<\/p>\n<\/div><a href=\"https:\/\/mtllocal.com\/fr\/montreal-island\/home-services\/groupe-pgms\/\" class=\"more-link\">read more<\/a><\/div><\/article><article class=\"et_pb_post et_pb_post_id_28111 clearfix et_pb_blog_item_0_1 post-28111 post type-post status-publish format-standard has-post-thumbnail hentry category-food-and-drinks\"><div class=\"et_pb_image_container\"><a href=\"https:\/\/mtllocal.com\/fr\/downtown\/food-and-drinks\/chef-istanbul\/\" class=\"entry-featured-image-url\"><img loading=\"lazy\" decoding=\"async\" src=\"https:\/\/mtllocal.com\/wp-content\/uploads\/2025\/11\/426164244_1674409583296100_2971290467680326219_n.jpg\" width=\"150\" height=\"150\" alt=\"Chef Istanbul\" class=\"\" srcset=\"https:\/\/mtllocal.com\/wp-content\/uploads\/2025\/11\/426164244_1674409583296100_2971290467680326219_n.jpg 479w, https:\/\/mtllocal.com\/wp-content\/uploads\/2025\/11\/426164244_1674409583296100_2971290467680326219_n.jpg 480w\" sizes=\"(max-width:479px) 479px, 100vw\" title=\"\"><span data-icon=\"\ue050\" class=\"et_overlay et_pb_inline_icon\"><\/span><\/a><\/div><h2 class=\"entry-title\"><a href=\"https:\/\/mtllocal.com\/fr\/downtown\/food-and-drinks\/chef-istanbul\/\">Chef Istanbul<\/a><\/h2><p class=\"post-meta\"><span class=\"entry-categories\"><a href=\"https:\/\/mtllocal.com\/fr\/downtown\/food-and-drinks\/\" rel=\"tag\">Nourriture et boissons (Centre-ville)<\/a><\/span><\/p><div class=\"post-content\"><div class=\"post-content-inner\"><p>Chef Istanbul fait d\u00e9couvrir les saveurs vibrantes et l\u2019hospitalit\u00e9 chaleureuse de la Turquie au c\u0153ur de Montr\u00e9al.<\/p>\n<\/div><a href=\"https:\/\/mtllocal.com\/fr\/downtown\/food-and-drinks\/chef-istanbul\/\" class=\"more-link\">read more<\/a><\/div><\/article><article class=\"et_pb_post et_pb_post_id_28097 clearfix et_pb_blog_item_0_2 post-28097 post type-post status-publish format-standard has-post-thumbnail hentry category-spa-beauty\"><div class=\"et_pb_image_container\"><a href=\"https:\/\/mtllocal.com\/fr\/downtown\/spa-beauty\/la-rose-blanche\/\" class=\"entry-featured-image-url\"><img loading=\"lazy\" decoding=\"async\" src=\"https:\/\/mtllocal.com\/wp-content\/uploads\/2025\/11\/laroseblanche-logo.jpg\" width=\"284\" height=\"284\" alt=\"La Rose Blanche\" class=\"\" srcset=\"https:\/\/mtllocal.com\/wp-content\/uploads\/2025\/11\/laroseblanche-logo.jpg 479w, https:\/\/mtllocal.com\/wp-content\/uploads\/2025\/11\/laroseblanche-logo.jpg 480w\" sizes=\"(max-width:479px) 479px, 100vw\" title=\"\"><span data-icon=\"\ue050\" class=\"et_overlay et_pb_inline_icon\"><\/span><\/a><\/div><h2 class=\"entry-title\"><a href=\"https:\/\/mtllocal.com\/fr\/downtown\/spa-beauty\/la-rose-blanche\/\">La Rose Blanche<\/a><\/h2><p class=\"post-meta\"><span class=\"entry-categories\"><a href=\"https:\/\/mtllocal.com\/fr\/downtown\/spa-beauty\/\" rel=\"tag\">Spa &amp; Beaut\u00e9 (Centre-ville)<\/a><\/span><\/p><div class=\"post-content\"><div class=\"post-content-inner\"><p>La Rose Blanche allie style et soins afin d\u2019aider chaque client \u00e0 se sentir et \u00e0 para\u00eetre \u00e0 son meilleur.<\/p>\n<\/div><a href=\"https:\/\/mtllocal.com\/fr\/downtown\/spa-beauty\/la-rose-blanche\/\" class=\"more-link\">read more<\/a><\/div><\/article><article class=\"et_pb_post et_pb_post_id_28082 clearfix et_pb_blog_item_0_3 post-28082 post type-post status-publish format-standard has-post-thumbnail hentry category-spa-beauty\"><div class=\"et_pb_image_container\"><a href=\"https:\/\/mtllocal.com\/fr\/downtown\/spa-beauty\/cathay-massage-therapy\/\" class=\"entry-featured-image-url\"><img loading=\"lazy\" decoding=\"async\" src=\"https:\/\/mtllocal.com\/wp-content\/uploads\/2025\/11\/cathay_logo.jpg\" width=\"284\" height=\"284\" alt=\"Cathay Massage Therapy\" class=\"\" srcset=\"https:\/\/mtllocal.com\/wp-content\/uploads\/2025\/11\/cathay_logo.jpg 479w, https:\/\/mtllocal.com\/wp-content\/uploads\/2025\/11\/cathay_logo.jpg 480w\" sizes=\"(max-width:479px) 479px, 100vw\" title=\"\"><span data-icon=\"\ue050\" class=\"et_overlay et_pb_inline_icon\"><\/span><\/a><\/div><h2 class=\"entry-title\"><a href=\"https:\/\/mtllocal.com\/fr\/downtown\/spa-beauty\/cathay-massage-therapy\/\">Cathay Massage Therapy<\/a><\/h2><p class=\"post-meta\"><span class=\"entry-categories\"><a href=\"https:\/\/mtllocal.com\/fr\/downtown\/spa-beauty\/\" rel=\"tag\">Spa &amp; Beaut\u00e9 (Centre-ville)<\/a><\/span><\/p><div class=\"post-content\"><div class=\"post-content-inner\"><p>Cathay Massage &amp; Acupuncture offre des soins experts ancr\u00e9s dans la tradition, vous aidant \u00e0 vous d\u00e9tendre, \u00e0 r\u00e9cup\u00e9rer et \u00e0 vous sentir r\u00e9tabli.<\/p>\n<\/div><a href=\"https:\/\/mtllocal.com\/fr\/downtown\/spa-beauty\/cathay-massage-therapy\/\" class=\"more-link\">read more<\/a><\/div><\/article><article class=\"et_pb_post et_pb_post_id_28065 clearfix et_pb_blog_item_0_4 post-28065 post type-post status-publish format-standard has-post-thumbnail hentry category-health-and-sports\"><div class=\"et_pb_image_container\"><a href=\"https:\/\/mtllocal.com\/fr\/downtown\/health-and-sports\/calisthenics-gym-mtl\/\" class=\"entry-featured-image-url\"><img loading=\"lazy\" decoding=\"async\" src=\"https:\/\/mtllocal.com\/wp-content\/uploads\/2025\/11\/calisthelics.jpg\" width=\"284\" height=\"284\" alt=\"Gymnastique su\u00e9doise GYM MTL\" class=\"\" srcset=\"https:\/\/mtllocal.com\/wp-content\/uploads\/2025\/11\/calisthelics.jpg 479w, https:\/\/mtllocal.com\/wp-content\/uploads\/2025\/11\/calisthelics.jpg 480w\" sizes=\"(max-width:479px) 479px, 100vw\" title=\"\"><span data-icon=\"\ue050\" class=\"et_overlay et_pb_inline_icon\"><\/span><\/a><\/div><h2 class=\"entry-title\"><a href=\"https:\/\/mtllocal.com\/fr\/downtown\/health-and-sports\/calisthenics-gym-mtl\/\">Gymnastique su\u00e9doise GYM MTL<\/a><\/h2><p class=\"post-meta\"><span class=\"entry-categories\"><a href=\"https:\/\/mtllocal.com\/fr\/downtown\/health-and-sports\/\" rel=\"tag\">Sant\u00e9 et sports (Centre-ville)<\/a><\/span><\/p><div class=\"post-content\"><div class=\"post-content-inner\"><p>Gym communautaire montr\u00e9alais sp\u00e9cialis\u00e9 en entra\u00eenement au poids du corps.<\/p>\n<\/div><a href=\"https:\/\/mtllocal.com\/fr\/downtown\/health-and-sports\/calisthenics-gym-mtl\/\" class=\"more-link\">read more<\/a><\/div><\/article><article class=\"et_pb_post et_pb_post_id_28041 clearfix et_pb_blog_item_0_5 post-28041 post type-post status-publish format-standard has-post-thumbnail hentry category-food-and-drinks tag-downtown\"><div class=\"et_pb_image_container\"><a href=\"https:\/\/mtllocal.com\/fr\/downtown\/food-and-drinks\/cote-cafe\/\" class=\"entry-featured-image-url\"><img loading=\"lazy\" decoding=\"async\" src=\"https:\/\/mtllocal.com\/wp-content\/uploads\/2025\/10\/cote_cafe.jpg\" width=\"288\" height=\"284\" alt=\"C\u00f4te Caf\u00e9\" class=\"\" srcset=\"https:\/\/mtllocal.com\/wp-content\/uploads\/2025\/10\/cote_cafe.jpg 479w, https:\/\/mtllocal.com\/wp-content\/uploads\/2025\/10\/cote_cafe.jpg 480w\" sizes=\"(max-width:479px) 479px, 100vw\" title=\"\"><span data-icon=\"\ue050\" class=\"et_overlay et_pb_inline_icon\"><\/span><\/a><\/div><h2 class=\"entry-title\"><a href=\"https:\/\/mtllocal.com\/fr\/downtown\/food-and-drinks\/cote-cafe\/\">C\u00f4te Caf\u00e9<\/a><\/h2><p class=\"post-meta\"><span class=\"entry-categories\"><a href=\"https:\/\/mtllocal.com\/fr\/downtown\/food-and-drinks\/\" rel=\"tag\">Nourriture et boissons (Centre-ville)<\/a><\/span><\/p><div class=\"post-content\"><div class=\"post-content-inner\"><p>Caf\u00e9 ind\u00e9pendant de Montr\u00e9al reconnu pour ses caf\u00e9s artisanaux, son ambiance d\u00e9tendue et son esprit local.<\/p>\n<\/div><a href=\"https:\/\/mtllocal.com\/fr\/downtown\/food-and-drinks\/cote-cafe\/\" class=\"more-link\">read more<\/a><\/div><\/article><\/div><\/div><\/div>\n<\/div>\n<\/div>\n<\/div>\n\n<div class=\"et_pb_section_3 et_pb_section et_section_regular et_block_section\">\n<div class=\"et_pb_row_3 et_pb_row et_block_row\">\n<div class=\"et_pb_column_4 et_pb_column et_pb_column_4_4 et-last-child et_block_column et_pb_css_mix_blend_mode_passthrough\">\n<div class=\"et_pb_heading_4 et_pb_heading et_pb_module et_block_module\"><div class=\"et_pb_heading_container\"><h3 class=\"et_pb_module_header\">Mettez votre entreprise en vedette sur Montreal Local<\/h3><\/div><\/div>\n\n<div class=\"et_pb_text_6 et_pb_text et_pb_bg_layout_light et_pb_module et_block_module\"><div class=\"et_pb_text_inner\"><p style=\"text-align: center;\">Montreal Local aide votre entreprise \u00e0 rayonner en ligne et \u00e0 rejoindre des Montr\u00e9alais qui valorisent r\u00e9ellement l\u2019achat local. Joignez-vous \u00e0 notre plateforme pour obtenir la visibilit\u00e9 que vous m\u00e9ritez et \u00eatre mis en vedette parmi les entreprises locales les plus fiables et reconnues de la ville.<\/p>\n<\/div><\/div>\n\n<div class=\"et_pb_module et_pb_button_module_wrapper et_pb_button_2_wrapper\"><a class=\"et_pb_button_2 et_pb_button et_pb_bg_layout_light et_pb_module et_block_module\" href=\"https:\/\/mtllocal.com\/fr\/etre-mis-a-lhonneur\/\" data-icon=\"$\">Pr\u00e9senter ma candidature<\/a><\/div>\n<\/div>\n<\/div>\n<\/div>\n\n<div class=\"et_pb_section_4 et_pb_section et_section_regular et_block_section\">\n<div class=\"et_pb_row_4 et_pb_row et_block_row\">\n<div class=\"et_pb_column_5 et_pb_column et_pb_column_1_2 et_block_column et_pb_css_mix_blend_mode_passthrough\">\n<div class=\"et_pb_image_1 et_pb_image et_pb_module et_block_module\"><span class=\"et_pb_image_wrap\"><img loading=\"lazy\" decoding=\"async\" src=\"https:\/\/mtllocal.com\/wp-content\/uploads\/2025\/10\/Untitled-design-1.png\" width=\"1920\" height=\"1080\" sizes=\"(max-width: 1920px) 100vw, 1920px\" class=\"wp-image-27824\" title=\"Conception sans titre (1)\" alt=\"\"><\/span><\/div>\n\n<div class=\"et_pb_text_7 et_pb_text et_pb_bg_layout_light et_pb_module et_block_module\"><div class=\"et_pb_text_inner\"><p>Je m\u2019appelle Christian, et ma mission est d\u2019aider les meilleurs entrepreneurs de Montr\u00e9al \u00e0 obtenir la visibilit\u00e9 qu\u2019ils m\u00e9ritent, tout en facilitant la d\u00e9couverte et le soutien des entreprises locales par les r\u00e9sidents.<\/p>\n<\/div><\/div>\n\n<div class=\"et_pb_text_8 et_pb_text et_pb_bg_layout_light et_pb_module et_block_module\"><div class=\"et_pb_text_inner\"><p>\u00c0 travers Montreal Local, je mets en valeur des professionnels passionn\u00e9s, je fais la promotion de leurs services et je les connecte avec des gens qui valorisent r\u00e9ellement l\u2019achat local. Si vous \u00eates propri\u00e9taire d\u2019une entreprise \u00e0 Montr\u00e9al, j\u2019aimerais vous aider \u00e0 raconter votre histoire et \u00e0 faire rayonner votre marque.<\/p>\n<\/div><\/div>\n<\/div>\n\n<div class=\"et_pb_column_6 et_pb_column et_pb_column_1_2 et-last-child et_block_column et_pb_css_mix_blend_mode_passthrough\">\n<div class=\"et_pb_signup_0 et_pb_signup et_pb_newsletter et_pb_subscribe et_pb_bg_layout_dark et_pb_module et_flex_module\"><div class=\"et_pb_newsletter_description\"><h2 class=\"et_pb_module_header\">Rejoignez Montreal Local<\/h2><div class=\"et_pb_newsletter_description_content\"><p>Recevez chaque mois des nouvelles sur les entreprises en vedette, la communaut\u00e9 et les concours \u00e0 venir \u00e0 Montr\u00e9al.<\/p>\n<\/div><\/div><div class=\"et_pb_newsletter_form\"><form method=\"post\" class=\"\" action=\"\"><div class=\"et_pb_newsletter_result et_pb_newsletter_error\"><\/div><div class=\"et_pb_newsletter_result et_pb_newsletter_success\"><h2>Vos informations sont soumises. Nous vous remercions de votre attention.<\/h2><\/div><div class=\"et_pb_newsletter_fields et_flex_module\"><p class=\"et_pb_newsletter_field et_pb_contact_field_last et_pb_contact_field_last_tablet et_pb_contact_field_last_phone\"><label class=\"et_pb_contact_form_label\" for=\"et_pb_signup_firstname\" style=\"display: none;\">Name<\/label><input class=\"input\" id=\"et_pb_signup_firstname\" type=\"text\" placeholder=\"Name\" name=\"et_pb_signup_firstname\" \/><\/p><p class=\"et_pb_newsletter_field et_pb_contact_field_last et_pb_contact_field_last_tablet et_pb_contact_field_last_phone\"><label class=\"et_pb_contact_form_label\" for=\"et_pb_signup_email\" style=\"display: none;\">Email<\/label><input class=\"input\" id=\"et_pb_signup_email\" type=\"text\" placeholder=\"Email\" name=\"et_pb_signup_email\" \/><\/p><p class=\"et_pb_newsletter_button_wrap\"><a class=\"et_pb_button et_pb_newsletter_button\" href=\"#\"><span class=\"et_subscribe_loader\"><\/span><span class=\"et_pb_newsletter_button_text\">Rester connect\u00e9<\/span><\/a><\/p><\/div><input type=\"hidden\" name=\"et_pb_signup_provider\" value=\"mailerlite\" \/><input type=\"hidden\" name=\"et_pb_signup_list_id\" value=\"171512531502761439\" \/><input type=\"hidden\" name=\"et_pb_signup_account_name\" value=\"CS Digital Studio\" \/><input type=\"hidden\" name=\"et_pb_signup_ip_address\" value=\"true\" \/><input type=\"hidden\" name=\"et_pb_signup_checksum\" value=\"32c9d08b3f30000c4df26eef78f50de7\" \/><input type=\"hidden\" name=\"trp-form-language\" value=\"fr\"\/><\/form><\/div><\/div>\n<\/div>\n<\/div>\n<\/div>","protected":false},"excerpt":{"rendered":"","protected":false},"author":2,"featured_media":27819,"parent":0,"menu_order":0,"comment_status":"closed","ping_status":"closed","template":"","meta":{"footnotes":""},"class_list":["post-2","page","type-page","status-publish","has-post-thumbnail","hentry"],"_links":{"self":[{"href":"https:\/\/mtllocal.com\/fr\/wp-json\/wp\/v2\/pages\/2","targetHints":{"allow":["GET"]}}],"collection":[{"href":"https:\/\/mtllocal.com\/fr\/wp-json\/wp\/v2\/pages"}],"about":[{"href":"https:\/\/mtllocal.com\/fr\/wp-json\/wp\/v2\/types\/page"}],"author":[{"embeddable":true,"href":"https:\/\/mtllocal.com\/fr\/wp-json\/wp\/v2\/users\/2"}],"replies":[{"embeddable":true,"href":"https:\/\/mtllocal.com\/fr\/wp-json\/wp\/v2\/comments?post=2"}],"version-history":[{"count":84,"href":"https:\/\/mtllocal.com\/fr\/wp-json\/wp\/v2\/pages\/2\/revisions"}],"predecessor-version":[{"id":344416,"href":"https:\/\/mtllocal.com\/fr\/wp-json\/wp\/v2\/pages\/2\/revisions\/344416"}],"wp:featuredmedia":[{"embeddable":true,"href":"https:\/\/mtllocal.com\/fr\/wp-json\/wp\/v2\/media\/27819"}],"wp:attachment":[{"href":"https:\/\/mtllocal.com\/fr\/wp-json\/wp\/v2\/media?parent=2"}],"curies":[{"name":"wp","href":"https:\/\/api.w.org\/{rel}","templated":true}]}}