{"id":27952,"date":"2025-10-27T02:05:55","date_gmt":"2025-10-27T02:05:55","guid":{"rendered":"https:\/\/lightgrey-bee-423713.hostingersite.com\/?page_id=27952"},"modified":"2026-03-15T08:38:00","modified_gmt":"2026-03-15T12:38:00","slug":"etre-mis-a-lhonneur","status":"publish","type":"page","link":"https:\/\/mtllocal.com\/fr\/get-featured\/","title":{"rendered":"En vedette"},"content":{"rendered":"<div class=\"et_pb_section_0 et_pb_section et_section_regular et_block_section section_has_divider et_pb_bottom_divider\">\n<div class=\"et_pb_row_0 et_pb_row et_block_row\">\n<div class=\"et_pb_column_0 et_pb_column et_pb_column_4_4 et-last-child et_block_column et_pb_css_mix_blend_mode_passthrough\">\n<div class=\"et_pb_heading_0 et_pb_heading et_pb_module et_block_module\"><div class=\"et_pb_heading_container\"><h1 class=\"et_pb_module_header\">Pr\u00e9senter ma candidature<\/h1><\/div><\/div>\n<\/div>\n<\/div>\n<div class=\"et_pb_bottom_inside_divider et-no-transition\"><\/div><\/div>\n\n<div class=\"et_pb_section_1 et_pb_section et_section_regular et_block_section\">\n<div class=\"et_pb_row_1 et_pb_row et_block_row\">\n<div class=\"et_pb_column_1 et_pb_column et_pb_column_1_2 et_block_column et_pb_css_mix_blend_mode_passthrough\">\n<div class=\"et_pb_heading_1 et_pb_heading et_pb_module et_block_module\"><div class=\"et_pb_heading_container\"><h2 class=\"et_pb_module_header\">Ce qui est inclus :<\/h2><\/div><\/div>\n\n<div class=\"et_pb_blurb_0 et_pb_blurb et_pb_bg_layout_light et_pb_blurb_position_left et_pb_module et_block_module\"><div class=\"et_pb_blurb_content\"><div class=\"et_pb_main_blurb_image\"><span class=\"et_pb_image_wrap et_pb_only_image_mode_wrap\"><img loading=\"lazy\" decoding=\"async\" src=\"https:\/\/mtllocal.com\/wp-content\/uploads\/2025\/10\/noun-search-6830499-0C71CF.png\" width=\"1200\" height=\"1200\" sizes=\"(max-width: 1200px) 100vw, 1200px\" class=\"et-waypoint et_pb_animation_top et_pb_animation_top_tablet et_pb_animation_top_phone wp-image-27956\" alt=\"\" title=\"\"><\/span><\/div><div class=\"et_pb_blurb_container\"><h3 class=\"et_pb_module_header\">Pleins feux sur les entreprises<\/h3><div class=\"et_pb_blurb_description\"><p>Une page personnalis\u00e9e exclusive pour votre entreprise. Elle indiquera votre emplacement\/domaine de service et, surtout, votre histoire.<\/p>\n<\/div><\/div><\/div><\/div>\n\n<div class=\"et_pb_blurb_1 et_pb_blurb et_pb_bg_layout_light et_pb_blurb_position_left et_pb_module et_block_module\"><div class=\"et_pb_blurb_content\"><div class=\"et_pb_main_blurb_image\"><span class=\"et_pb_image_wrap et_pb_only_image_mode_wrap\"><img loading=\"lazy\" decoding=\"async\" src=\"https:\/\/mtllocal.com\/wp-content\/uploads\/2025\/10\/noun-star-8119111-0C71CF.png\" width=\"1200\" height=\"1200\" sizes=\"(max-width: 1200px) 100vw, 1200px\" class=\"et-waypoint et_pb_animation_top et_pb_animation_top_tablet et_pb_animation_top_phone wp-image-27958\" alt=\"\" title=\"\"><\/span><\/div><div class=\"et_pb_blurb_container\"><h3 class=\"et_pb_module_header\">Une application Google Review gratuite<\/h3><div class=\"et_pb_blurb_description\"><p>Nous mettrons en place notre application gratuite Google Review afin de faciliter la collecte d'avis 5 \u00e9toiles de la part de vos clients.<\/p>\n<\/div><\/div><\/div><\/div>\n\n<div class=\"et_pb_blurb_2 et_pb_blurb et_pb_bg_layout_light et_pb_blurb_position_left et_pb_module et_block_module\"><div class=\"et_pb_blurb_content\"><div class=\"et_pb_main_blurb_image\"><span class=\"et_pb_image_wrap et_pb_only_image_mode_wrap\"><img loading=\"lazy\" decoding=\"async\" src=\"https:\/\/mtllocal.com\/wp-content\/uploads\/2025\/10\/noun-time-7018869-0C71CF.png\" width=\"1200\" height=\"1200\" sizes=\"(max-width: 1200px) 100vw, 1200px\" class=\"et-waypoint et_pb_animation_top et_pb_animation_top_tablet et_pb_animation_top_phone wp-image-27959\" alt=\"\" title=\"\"><\/span><\/div><div class=\"et_pb_blurb_container\"><h3 class=\"et_pb_module_header\">20 minutes d'entretien<\/h3><div class=\"et_pb_blurb_description\"><p>Vous pourrez discuter avec Christian (strat\u00e8ge en marketing local \u00e0 Montr\u00e9al) des trucs et astuces pour gagner en visibilit\u00e9 locale.<\/p>\n<\/div><\/div><\/div><\/div>\n\n<div class=\"et_pb_heading_2 et_pb_heading et_pb_module et_block_module\"><div class=\"et_pb_heading_container\"><h2 class=\"et_pb_module_header\">Exigences ?<\/h2><\/div><\/div>\n\n<div class=\"et_pb_text_0 et_pb_text et_pb_bg_layout_light et_pb_module et_block_module\"><div class=\"et_pb_text_inner\"><p><strong data-start=\"243\" data-end=\"259\">Seulement 4 petites exigences :<\/strong><\/p>\n<\/div><\/div>\n\n<div class=\"et_pb_text_1 et_pb_text et_pb_bg_layout_light et_pb_module et_block_module\"><div class=\"et_pb_text_inner\"><ul>\n<li>Votre entreprise est fi\u00e8re de servir des clients \u00e0 Montr\u00e9al.<\/li>\n<li>Vous \u00eates une entreprise locale.<\/li>\n<li>Vous avez \u00e0 c\u0153ur d'offrir un service de qualit\u00e9 et de satisfaire vos clients.<\/li>\n<li>Vous \u00eates pr\u00eat \u00e0 accueillir de nouveaux clients et \u00e0 \u00e9largir votre champ d'action.<\/li>\n<\/ul>\n<\/div><\/div>\n<\/div>\n\n<div class=\"et_pb_column_2 et_pb_column et_pb_column_1_2 et-last-child et_block_column et_pb_css_mix_blend_mode_passthrough\">\n<div class=\"et_pb_heading_3 et_pb_heading et_pb_module et_block_module\"><div class=\"et_pb_heading_container\"><h2 class=\"et_pb_module_header\">Rejoignez la communaut\u00e9 montr\u00e9alaise !<\/h2><\/div><\/div>\n\n<div class=\"et_pb_text_2 et_pb_text et_pb_bg_layout_light et_pb_module et_block_module\"><div class=\"et_pb_text_inner\"><p>Nous sommes toujours ravis d'inclure des entreprises locales \u00e9tonnantes qui rendent notre ville sp\u00e9ciale - des caf\u00e9s et des commer\u00e7ants aux cr\u00e9atifs et aux professionnels du bien-\u00eatre.<\/p>\n<\/div><\/div>\n\n<div class=\"et_pb_text_3 et_pb_text et_pb_bg_layout_light et_pb_module et_block_module\"><div class=\"et_pb_text_inner\"><p>Remplissez le formulaire ci-dessous et parlez-nous un peu de votre entreprise. Nous vous contacterons pour vous aider \u00e0 cr\u00e9er votre profil et \u00e0 le pr\u00e9senter sur <em data-start=\"589\" data-end=\"605\">Montr\u00e9al Local<\/em>, afin que davantage de personnes puissent d\u00e9couvrir ce que vous faites.<\/p>\n<\/div><\/div>\n\n<div class=\"et_pb_text_4 et_pb_text et_pb_bg_layout_light et_pb_module et_block_module\"><div class=\"et_pb_text_inner\"><p>Nous aimons rencontrer les propri\u00e9taires et les entrepreneurs locaux, alors si vous le souhaitez, nous pouvons m\u00eame nous arr\u00eater \u00e0 votre boutique ou \u00e0 votre espace de travail pour une photo rapide ou un court reportage vid\u00e9o. C'est amical, d\u00e9tendu et une excellente fa\u00e7on de montrer aux Montr\u00e9alais le visage de votre entreprise !<\/p>\n<\/div><\/div>\n\n<div class=\"et_pb_code_0 et_pb_code et_pb_module apply-form\"><div class=\"et_pb_code_inner\">\n<div class=\"wpcf7 no-js\" id=\"wpcf7-f28429-o1\" lang=\"en-CA\" dir=\"ltr\" data-wpcf7-id=\"28429\">\n<div class=\"screen-reader-response\"><p role=\"status\" aria-live=\"polite\" aria-atomic=\"true\"><\/p> <ul><\/ul><\/div>\n<form action=\"\/fr\/wp-json\/wp\/v2\/pages\/27952#wpcf7-f28429-o1\" method=\"post\" class=\"wpcf7-form init\" aria-label=\"Contact form\" novalidate=\"novalidate\" data-status=\"init\" data-trp-original-action=\"\/fr\/wp-json\/wp\/v2\/pages\/27952#wpcf7-f28429-o1\">\n<fieldset class=\"hidden-fields-container\"><input type=\"hidden\" name=\"_wpcf7\" value=\"28429\" \/><input type=\"hidden\" name=\"_wpcf7_version\" value=\"6.1.5\" \/><input type=\"hidden\" name=\"_wpcf7_locale\" value=\"en_CA\" \/><input type=\"hidden\" name=\"_wpcf7_unit_tag\" value=\"wpcf7-f28429-o1\" \/><input type=\"hidden\" name=\"_wpcf7_container_post\" value=\"0\" \/><input type=\"hidden\" name=\"_wpcf7_posted_data_hash\" value=\"\" \/>\n<\/fieldset>\n<div class=\"cf7-grid\">\n\t<div class=\"cf7-field\">\n\t\t<p><span class=\"wpcf7-form-control-wrap\" data-name=\"business-name\"><input size=\"40\" maxlength=\"400\" class=\"wpcf7-form-control wpcf7-text wpcf7-validates-as-required\" aria-required=\"true\" aria-invalid=\"false\" placeholder=\"Nom de l&#039;entreprise\" value=\"\" type=\"text\" name=\"business-name\" \/><\/span>\n\t\t<\/p>\n\t<\/div>\n\t<div class=\"cf7-row\">\n\t\t<div class=\"cf7-col\">\n\t\t\t<p><span class=\"wpcf7-form-control-wrap\" data-name=\"first-name\"><input size=\"40\" maxlength=\"400\" class=\"wpcf7-form-control wpcf7-text wpcf7-validates-as-required\" aria-required=\"true\" aria-invalid=\"false\" placeholder=\"Pr\u00e9nom\" value=\"\" type=\"text\" name=\"first-name\" \/><\/span>\n\t\t\t<\/p>\n\t\t<\/div>\n\t\t<div class=\"cf7-col\">\n\t\t\t<p><span class=\"wpcf7-form-control-wrap\" data-name=\"last-name\"><input size=\"40\" maxlength=\"400\" class=\"wpcf7-form-control wpcf7-text wpcf7-validates-as-required\" aria-required=\"true\" aria-invalid=\"false\" placeholder=\"Nom de famille\" value=\"\" type=\"text\" name=\"last-name\" \/><\/span>\n\t\t\t<\/p>\n\t\t<\/div>\n\t<\/div>\n\t<div class=\"cf7-field\">\n\t\t<p><span class=\"wpcf7-form-control-wrap\" data-name=\"applicant-email\"><input size=\"40\" maxlength=\"400\" class=\"wpcf7-form-control wpcf7-email wpcf7-validates-as-required wpcf7-text wpcf7-validates-as-email\" aria-required=\"true\" aria-invalid=\"false\" placeholder=\"Adresse \u00e9lectronique\" value=\"\" type=\"email\" name=\"applicant-email\" \/><\/span>\n\t\t<\/p>\n\t<\/div>\n\t<div class=\"cf7-field\">\n\t\t<p><span class=\"wpcf7-form-control-wrap\" data-name=\"phone\"><input size=\"40\" maxlength=\"400\" class=\"wpcf7-form-control wpcf7-tel wpcf7-validates-as-required wpcf7-text wpcf7-validates-as-tel\" aria-required=\"true\" aria-invalid=\"false\" placeholder=\"Num\u00e9ro de t\u00e9l\u00e9phone mobile\" value=\"\" type=\"tel\" name=\"phone\" \/><\/span>\n\t\t<\/p>\n\t<\/div>\n\t<div class=\"cf7-field\">\n\t\t<p><span class=\"wpcf7-form-control-wrap\" data-name=\"website\"><input size=\"40\" maxlength=\"400\" class=\"wpcf7-form-control wpcf7-url wpcf7-text wpcf7-validates-as-url\" aria-invalid=\"false\" placeholder=\"URL du site web\" value=\"\" type=\"url\" name=\"website\" \/><\/span>\n\t\t<\/p>\n\t<\/div>\n\t<p class=\"cf7-question\">Au service des habitants de Montr\u00e9al ?\n\t<\/p>\n\t<div class=\"cf7-field\">\n\t\t<p><span class=\"wpcf7-form-control-wrap\" data-name=\"serving\"><select class=\"wpcf7-form-control wpcf7-select wpcf7-validates-as-required\" aria-required=\"true\" aria-invalid=\"false\" name=\"serving\"><option value=\"\">--Veuillez choisir une option...<\/option><option value=\"Yes\">Oui<\/option><option value=\"No\">Non<\/option><\/select><\/span>\n\t\t<\/p>\n\t<\/div>\n\t<div class=\"cf7-field cf7-submit\">\n\t\t<p><input class=\"wpcf7-form-control wpcf7-submit has-spinner\" type=\"submit\" value=\"Postuler\" \/>\n\t\t<\/p>\n\t<\/div>\n<\/div><p style=\"display: none !important;\" class=\"akismet-fields-container\" data-prefix=\"_wpcf7_ak_\"><label>\u201d<textarea name=\"_wpcf7_ak_hp_textarea\" cols=\"45\" rows=\"8\" maxlength=\"100\"><\/textarea><\/label><input type=\"hidden\" id=\"ak_js_1\" name=\"_wpcf7_ak_js\" value=\"247\"\/><script>document.getElementById( \"ak_js_1\" ).setAttribute( \"value\", ( new Date() ).getTime() );<\/script><\/p><div class=\"wpcf7-response-output\" aria-hidden=\"true\"><\/div>\n<input type=\"hidden\" name=\"trp-form-language\" value=\"fr\"\/><\/form>\n<\/div>\n<\/div><\/div>\n<\/div>\n<\/div>\n\n<div class=\"et_pb_row_2 et_pb_row et_block_row\">\n<div class=\"et_pb_column_3 et_pb_column et_pb_column_1_2 et_block_column et_pb_css_mix_blend_mode_passthrough\">\n<div class=\"et_pb_image_0 et_pb_image et_pb_module et_block_module\"><span class=\"et_pb_image_wrap\"><img loading=\"lazy\" decoding=\"async\" src=\"https:\/\/mtllocal.com\/wp-content\/uploads\/2025\/10\/fastfeedback-screenshot-portrait.png\" width=\"1419\" height=\"2796\" sizes=\"(max-width: 1419px) 100vw, 1419px\" class=\"wp-image-27963\" title=\"retour rapide-capture d&#039;\u00e9cran-portrait\" alt=\"\"><\/span><\/div>\n\n<div class=\"et_pb_text_5 et_pb_text et_pb_bg_layout_light et_pb_module et_block_module et_pb_text_align_center\"><div class=\"et_pb_text_inner\"><p><em>Chaque entreprise pr\u00e9sent\u00e9e sur Montreal Local re\u00e7oit un <strong data-start=\"918\" data-end=\"943\">licence gratuite \u00e0 vie<\/strong> pour utiliser l'application Fast Feedback - notre fa\u00e7on d'aider les entrepreneurs locaux \u00e0 se d\u00e9velopper en ligne et \u00e0 se d\u00e9marquer au sein de la communaut\u00e9.<\/em><\/p>\n<\/div><\/div>\n<\/div>\n\n<div class=\"et_pb_column_4 et_pb_column et_pb_column_1_2 et-last-child et_block_column et_pb_css_mix_blend_mode_passthrough\">\n<div class=\"et_pb_image_1 et_pb_image et_pb_module et_block_module\"><span class=\"et_pb_image_wrap\"><img loading=\"lazy\" decoding=\"async\" src=\"https:\/\/mtllocal.com\/wp-content\/uploads\/2025\/10\/noun-stars-rating-2554130-FFCD00.png\" width=\"1200\" height=\"1200\" sizes=\"(max-width: 1200px) 100vw, 1200px\" class=\"wp-image-27900\" title=\"noun-stars-rating-2554130-FFCD00\" alt=\"\"><\/span><\/div>\n\n<div class=\"et_pb_heading_4 et_pb_heading et_pb_module et_block_module\"><div class=\"et_pb_heading_container\"><h2 class=\"et_pb_module_header\">Obtenir plus d'avis<\/h2><\/div><\/div>\n\n<div class=\"et_pb_text_6 et_pb_text et_pb_bg_layout_light et_pb_module et_block_module\"><div class=\"et_pb_text_inner\"><p><strong data-start=\"243\" data-end=\"259\">Retour d'information rapide<\/strong> est un outil simple et puissant qui aide les entreprises montr\u00e9alaises \u00e0 recueillir plus d'avis Google 5 \u00e9toiles de la part de clients satisfaits.<\/p>\n<\/div><\/div>\n\n<div class=\"et_pb_text_7 et_pb_text et_pb_bg_layout_light et_pb_module et_block_module\"><div class=\"et_pb_text_inner\"><p>En quelques clics, vous pouvez envoyer un message pr\u00e9-r\u00e9dig\u00e9 contenant le lien de votre avis Google - par <strong data-start=\"475\" data-end=\"490\">texte, courriel<\/strong>, ou m\u00eame un <strong data-start=\"502\" data-end=\"513\">Code QR<\/strong> vos clients peuvent scanner sur place. Pas de configuration compliqu\u00e9e, pas de stress technique - juste de vrais avis authentiques de vraies personnes.<\/p>\n<\/div><\/div>\n\n<div class=\"et_pb_text_8 et_pb_text et_pb_bg_layout_light et_pb_module et_block_module\"><div class=\"et_pb_text_inner\"><p>En aidant vos clients \u00e0 vous remercier avec de bons commentaires, vous n'\u00e9tablissez pas seulement la confiance, mais vous am\u00e9liorez \u00e9galement votre visibilit\u00e9 sur le site Web de <strong data-start=\"755\" data-end=\"770\">Google Maps<\/strong> et <strong data-start=\"775\" data-end=\"797\">\u201cRecherches \u201dpr\u00e8s de chez moi<\/strong> autour de Montr\u00e9al, ce qui permet \u00e0 de nouveaux clients de vous trouver plus facilement.<\/p>\n<\/div><\/div>\n<\/div>\n<\/div>\n<\/div>","protected":false},"excerpt":{"rendered":"","protected":false},"author":2,"featured_media":0,"parent":0,"menu_order":0,"comment_status":"closed","ping_status":"closed","template":"","meta":{"footnotes":""},"class_list":["post-27952","page","type-page","status-publish","hentry"],"_links":{"self":[{"href":"https:\/\/mtllocal.com\/fr\/wp-json\/wp\/v2\/pages\/27952","targetHints":{"allow":["GET"]}}],"collection":[{"href":"https:\/\/mtllocal.com\/fr\/wp-json\/wp\/v2\/pages"}],"about":[{"href":"https:\/\/mtllocal.com\/fr\/wp-json\/wp\/v2\/types\/page"}],"author":[{"embeddable":true,"href":"https:\/\/mtllocal.com\/fr\/wp-json\/wp\/v2\/users\/2"}],"replies":[{"embeddable":true,"href":"https:\/\/mtllocal.com\/fr\/wp-json\/wp\/v2\/comments?post=27952"}],"version-history":[{"count":32,"href":"https:\/\/mtllocal.com\/fr\/wp-json\/wp\/v2\/pages\/27952\/revisions"}],"predecessor-version":[{"id":343679,"href":"https:\/\/mtllocal.com\/fr\/wp-json\/wp\/v2\/pages\/27952\/revisions\/343679"}],"wp:attachment":[{"href":"https:\/\/mtllocal.com\/fr\/wp-json\/wp\/v2\/media?parent=27952"}],"curies":[{"name":"wp","href":"https:\/\/api.w.org\/{rel}","templated":true}]}}