{"id":28125,"date":"2025-11-12T01:27:06","date_gmt":"2025-11-12T01:27:06","guid":{"rendered":"https:\/\/lightgrey-bee-423713.hostingersite.com\/?page_id=28125"},"modified":"2026-03-07T09:12:51","modified_gmt":"2026-03-07T14:12:51","slug":"entreprises","status":"publish","type":"page","link":"https:\/\/mtllocal.com\/fr\/businesses\/","title":{"rendered":"Entreprises"},"content":{"rendered":"<div class=\"et_pb_section_0 et_pb_section et_section_regular et_block_section section_has_divider et_pb_bottom_divider\"><div class=\"et_pb_row_0 et_pb_row et_block_row\"><div class=\"et_pb_column_0 et_pb_column et_pb_column_4_4 et-last-child et_block_column et_pb_css_mix_blend_mode_passthrough\"><div class=\"et_pb_heading_0 et_pb_heading et_pb_module et_block_module\"><div class=\"et_pb_heading_container\"><h1 class=\"et_pb_module_header\">Parcourir les entreprises \u00e0 Montr\u00e9al<\/h1><\/div><\/div><\/div><\/div><div class=\"et_pb_bottom_inside_divider et-no-transition\"><\/div><\/div><div class=\"et_pb_section_1 et_pb_section et_section_regular et_block_section\"><div class=\"et_pb_row_1 et_pb_row et_block_row\"><div class=\"et_pb_column_1 et_pb_column et_pb_column_4_4 et-last-child et_block_column et_pb_css_mix_blend_mode_passthrough\"><div class=\"et_pb_blog_0 et_pb_blog et_pb_bg_layout_light et_pb_posts et_pb_module\"><div class=\"et_pb_ajax_pagination_container\"><div class=\"et_pb_posts et_grid_module\"><article class=\"et_pb_post et_pb_post_id_28557 clearfix et_pb_blog_item_0_0 post-28557 post type-post status-publish format-standard has-post-thumbnail hentry category-home-services\"><div class=\"et_pb_image_container\"><a href=\"https:\/\/mtllocal.com\/fr\/montreal-island\/home-services\/groupe-pgms\/\" class=\"entry-featured-image-url\"><img loading=\"lazy\" decoding=\"async\" src=\"https:\/\/mtllocal.com\/wp-content\/uploads\/2026\/03\/Untitled-design.jpg\" width=\"400\" height=\"284\" alt=\"Groupe PGMS\" class=\"\" srcset=\"https:\/\/mtllocal.com\/wp-content\/uploads\/2026\/03\/Untitled-design.jpg 479w, https:\/\/mtllocal.com\/wp-content\/uploads\/2026\/03\/Untitled-design-400x284.jpg 480w\" sizes=\"(max-width:479px) 479px, 100vw\" title=\"\"><span data-icon=\"\ue050\" class=\"et_overlay et_pb_inline_icon\"><\/span><\/a><\/div><h2 class=\"entry-title\"><a href=\"https:\/\/mtllocal.com\/fr\/montreal-island\/home-services\/groupe-pgms\/\">Groupe PGMS<\/a><\/h2><p class=\"post-meta\"><span class=\"entry-categories\"><a href=\"https:\/\/mtllocal.com\/fr\/montreal-island\/home-services\/\" rel=\"tag\">Services \u00e0 domicile (\u00cele de Montr\u00e9al)<\/a><\/span><\/p><div class=\"post-content\"><div class=\"post-content-inner\"><p>Des cl\u00f4tures de c\u00e8dre aux all\u00e9es pav\u00e9es, le Groupe PGMS s'occupe de tous vos projets ext\u00e9rieurs dans la grande r\u00e9gion de Montr\u00e9al.<\/p>\n<\/div><a href=\"https:\/\/mtllocal.com\/fr\/montreal-island\/home-services\/groupe-pgms\/\" class=\"more-link\">read more<\/a><\/div><\/article><article class=\"et_pb_post et_pb_post_id_28111 clearfix et_pb_blog_item_0_1 post-28111 post type-post status-publish format-standard has-post-thumbnail hentry category-food-and-drinks\"><div class=\"et_pb_image_container\"><a href=\"https:\/\/mtllocal.com\/fr\/downtown\/food-and-drinks\/chef-istanbul\/\" class=\"entry-featured-image-url\"><img loading=\"lazy\" decoding=\"async\" src=\"https:\/\/mtllocal.com\/wp-content\/uploads\/2025\/11\/426164244_1674409583296100_2971290467680326219_n.jpg\" width=\"150\" height=\"150\" alt=\"Chef Istanbul\" class=\"\" srcset=\"https:\/\/mtllocal.com\/wp-content\/uploads\/2025\/11\/426164244_1674409583296100_2971290467680326219_n.jpg 479w, https:\/\/mtllocal.com\/wp-content\/uploads\/2025\/11\/426164244_1674409583296100_2971290467680326219_n.jpg 480w\" sizes=\"(max-width:479px) 479px, 100vw\" title=\"\"><span data-icon=\"\ue050\" class=\"et_overlay et_pb_inline_icon\"><\/span><\/a><\/div><h2 class=\"entry-title\"><a href=\"https:\/\/mtllocal.com\/fr\/downtown\/food-and-drinks\/chef-istanbul\/\">Chef Istanbul<\/a><\/h2><p class=\"post-meta\"><span class=\"entry-categories\"><a href=\"https:\/\/mtllocal.com\/fr\/downtown\/food-and-drinks\/\" rel=\"tag\">Nourriture et boissons (Centre-ville)<\/a><\/span><\/p><div class=\"post-content\"><div class=\"post-content-inner\"><p>Chef Istanbul fait d\u00e9couvrir les saveurs vibrantes et l\u2019hospitalit\u00e9 chaleureuse de la Turquie au c\u0153ur de Montr\u00e9al.<\/p>\n<\/div><a href=\"https:\/\/mtllocal.com\/fr\/downtown\/food-and-drinks\/chef-istanbul\/\" class=\"more-link\">read more<\/a><\/div><\/article><article class=\"et_pb_post et_pb_post_id_28097 clearfix et_pb_blog_item_0_2 post-28097 post type-post status-publish format-standard has-post-thumbnail hentry category-spa-beauty\"><div class=\"et_pb_image_container\"><a href=\"https:\/\/mtllocal.com\/fr\/downtown\/spa-beauty\/la-rose-blanche\/\" class=\"entry-featured-image-url\"><img loading=\"lazy\" decoding=\"async\" src=\"https:\/\/mtllocal.com\/wp-content\/uploads\/2025\/11\/laroseblanche-logo.jpg\" width=\"284\" height=\"284\" alt=\"La Rose Blanche\" class=\"\" srcset=\"https:\/\/mtllocal.com\/wp-content\/uploads\/2025\/11\/laroseblanche-logo.jpg 479w, https:\/\/mtllocal.com\/wp-content\/uploads\/2025\/11\/laroseblanche-logo.jpg 480w\" sizes=\"(max-width:479px) 479px, 100vw\" title=\"\"><span data-icon=\"\ue050\" class=\"et_overlay et_pb_inline_icon\"><\/span><\/a><\/div><h2 class=\"entry-title\"><a href=\"https:\/\/mtllocal.com\/fr\/downtown\/spa-beauty\/la-rose-blanche\/\">La Rose Blanche<\/a><\/h2><p class=\"post-meta\"><span class=\"entry-categories\"><a href=\"https:\/\/mtllocal.com\/fr\/downtown\/spa-beauty\/\" rel=\"tag\">Spa &amp; Beaut\u00e9 (Centre-ville)<\/a><\/span><\/p><div class=\"post-content\"><div class=\"post-content-inner\"><p>La Rose Blanche allie style et soins afin d\u2019aider chaque client \u00e0 se sentir et \u00e0 para\u00eetre \u00e0 son meilleur.<\/p>\n<\/div><a href=\"https:\/\/mtllocal.com\/fr\/downtown\/spa-beauty\/la-rose-blanche\/\" class=\"more-link\">read more<\/a><\/div><\/article><article class=\"et_pb_post et_pb_post_id_28082 clearfix et_pb_blog_item_0_3 post-28082 post type-post status-publish format-standard has-post-thumbnail hentry category-spa-beauty\"><div class=\"et_pb_image_container\"><a href=\"https:\/\/mtllocal.com\/fr\/downtown\/spa-beauty\/cathay-massage-therapy\/\" class=\"entry-featured-image-url\"><img loading=\"lazy\" decoding=\"async\" src=\"https:\/\/mtllocal.com\/wp-content\/uploads\/2025\/11\/cathay_logo.jpg\" width=\"284\" height=\"284\" alt=\"Cathay Massage Therapy\" class=\"\" srcset=\"https:\/\/mtllocal.com\/wp-content\/uploads\/2025\/11\/cathay_logo.jpg 479w, https:\/\/mtllocal.com\/wp-content\/uploads\/2025\/11\/cathay_logo.jpg 480w\" sizes=\"(max-width:479px) 479px, 100vw\" title=\"\"><span data-icon=\"\ue050\" class=\"et_overlay et_pb_inline_icon\"><\/span><\/a><\/div><h2 class=\"entry-title\"><a href=\"https:\/\/mtllocal.com\/fr\/downtown\/spa-beauty\/cathay-massage-therapy\/\">Cathay Massage Therapy<\/a><\/h2><p class=\"post-meta\"><span class=\"entry-categories\"><a href=\"https:\/\/mtllocal.com\/fr\/downtown\/spa-beauty\/\" rel=\"tag\">Spa &amp; Beaut\u00e9 (Centre-ville)<\/a><\/span><\/p><div class=\"post-content\"><div class=\"post-content-inner\"><p>Cathay Massage &amp; Acupuncture offre des soins experts ancr\u00e9s dans la tradition, vous aidant \u00e0 vous d\u00e9tendre, \u00e0 r\u00e9cup\u00e9rer et \u00e0 vous sentir r\u00e9tabli.<\/p>\n<\/div><a href=\"https:\/\/mtllocal.com\/fr\/downtown\/spa-beauty\/cathay-massage-therapy\/\" class=\"more-link\">read more<\/a><\/div><\/article><article class=\"et_pb_post et_pb_post_id_28065 clearfix et_pb_blog_item_0_4 post-28065 post type-post status-publish format-standard has-post-thumbnail hentry category-health-and-sports\"><div class=\"et_pb_image_container\"><a href=\"https:\/\/mtllocal.com\/fr\/downtown\/health-and-sports\/calisthenics-gym-mtl\/\" class=\"entry-featured-image-url\"><img loading=\"lazy\" decoding=\"async\" src=\"https:\/\/mtllocal.com\/wp-content\/uploads\/2025\/11\/calisthelics.jpg\" width=\"284\" height=\"284\" alt=\"Gymnastique su\u00e9doise GYM MTL\" class=\"\" srcset=\"https:\/\/mtllocal.com\/wp-content\/uploads\/2025\/11\/calisthelics.jpg 479w, https:\/\/mtllocal.com\/wp-content\/uploads\/2025\/11\/calisthelics.jpg 480w\" sizes=\"(max-width:479px) 479px, 100vw\" title=\"\"><span data-icon=\"\ue050\" class=\"et_overlay et_pb_inline_icon\"><\/span><\/a><\/div><h2 class=\"entry-title\"><a href=\"https:\/\/mtllocal.com\/fr\/downtown\/health-and-sports\/calisthenics-gym-mtl\/\">Gymnastique su\u00e9doise GYM MTL<\/a><\/h2><p class=\"post-meta\"><span class=\"entry-categories\"><a href=\"https:\/\/mtllocal.com\/fr\/downtown\/health-and-sports\/\" rel=\"tag\">Sant\u00e9 et sports (Centre-ville)<\/a><\/span><\/p><div class=\"post-content\"><div class=\"post-content-inner\"><p>Gym communautaire montr\u00e9alais sp\u00e9cialis\u00e9 en entra\u00eenement au poids du corps.<\/p>\n<\/div><a href=\"https:\/\/mtllocal.com\/fr\/downtown\/health-and-sports\/calisthenics-gym-mtl\/\" class=\"more-link\">read more<\/a><\/div><\/article><article class=\"et_pb_post et_pb_post_id_28041 clearfix et_pb_blog_item_0_5 post-28041 post type-post status-publish format-standard has-post-thumbnail hentry category-food-and-drinks tag-downtown\"><div class=\"et_pb_image_container\"><a href=\"https:\/\/mtllocal.com\/fr\/downtown\/food-and-drinks\/cote-cafe\/\" class=\"entry-featured-image-url\"><img loading=\"lazy\" decoding=\"async\" src=\"https:\/\/mtllocal.com\/wp-content\/uploads\/2025\/10\/cote_cafe.jpg\" width=\"288\" height=\"284\" alt=\"C\u00f4te Caf\u00e9\" class=\"\" srcset=\"https:\/\/mtllocal.com\/wp-content\/uploads\/2025\/10\/cote_cafe.jpg 479w, https:\/\/mtllocal.com\/wp-content\/uploads\/2025\/10\/cote_cafe.jpg 480w\" sizes=\"(max-width:479px) 479px, 100vw\" title=\"\"><span data-icon=\"\ue050\" class=\"et_overlay et_pb_inline_icon\"><\/span><\/a><\/div><h2 class=\"entry-title\"><a href=\"https:\/\/mtllocal.com\/fr\/downtown\/food-and-drinks\/cote-cafe\/\">C\u00f4te Caf\u00e9<\/a><\/h2><p class=\"post-meta\"><span class=\"entry-categories\"><a href=\"https:\/\/mtllocal.com\/fr\/downtown\/food-and-drinks\/\" rel=\"tag\">Nourriture et boissons (Centre-ville)<\/a><\/span><\/p><div class=\"post-content\"><div class=\"post-content-inner\"><p>Caf\u00e9 ind\u00e9pendant de Montr\u00e9al reconnu pour ses caf\u00e9s artisanaux, son ambiance d\u00e9tendue et son esprit local.<\/p>\n<\/div><a href=\"https:\/\/mtllocal.com\/fr\/downtown\/food-and-drinks\/cote-cafe\/\" class=\"more-link\">read more<\/a><\/div><\/article><article class=\"et_pb_post et_pb_post_id_28031 clearfix et_pb_blog_item_0_6 post-28031 post type-post status-publish format-standard has-post-thumbnail hentry category-health-and-sports\"><div class=\"et_pb_image_container\"><a href=\"https:\/\/mtllocal.com\/fr\/downtown\/health-and-sports\/authentic-athlete-within\/\" class=\"entry-featured-image-url\"><img loading=\"lazy\" decoding=\"async\" src=\"https:\/\/mtllocal.com\/wp-content\/uploads\/2025\/10\/aaw-logo.jpg\" width=\"284\" height=\"284\" alt=\"L&#039;athl\u00e8te authentique qui sommeille en vous\" class=\"\" srcset=\"https:\/\/mtllocal.com\/wp-content\/uploads\/2025\/10\/aaw-logo.jpg 479w, https:\/\/mtllocal.com\/wp-content\/uploads\/2025\/10\/aaw-logo.jpg 480w\" sizes=\"(max-width:479px) 479px, 100vw\" title=\"\"><span data-icon=\"\ue050\" class=\"et_overlay et_pb_inline_icon\"><\/span><\/a><\/div><h2 class=\"entry-title\"><a href=\"https:\/\/mtllocal.com\/fr\/downtown\/health-and-sports\/authentic-athlete-within\/\">L'athl\u00e8te authentique qui sommeille en vous<\/a><\/h2><p class=\"post-meta\"><span class=\"entry-categories\"><a href=\"https:\/\/mtllocal.com\/fr\/downtown\/health-and-sports\/\" rel=\"tag\">Sant\u00e9 et sports (Centre-ville)<\/a><\/span><\/p><div class=\"post-content\"><div class=\"post-content-inner\"><p>Entra\u00eeneur du centre-ville de Montr\u00e9al combinant entra\u00eenement et naturopathie.<\/p>\n<\/div><a href=\"https:\/\/mtllocal.com\/fr\/downtown\/health-and-sports\/authentic-athlete-within\/\" class=\"more-link\">read more<\/a><\/div><\/article><\/div><\/div><\/div><\/div><\/div><\/div>","protected":false},"excerpt":{"rendered":"","protected":false},"author":2,"featured_media":0,"parent":0,"menu_order":0,"comment_status":"closed","ping_status":"closed","template":"","meta":{"footnotes":""},"class_list":["post-28125","page","type-page","status-publish","hentry"],"_links":{"self":[{"href":"https:\/\/mtllocal.com\/fr\/wp-json\/wp\/v2\/pages\/28125","targetHints":{"allow":["GET"]}}],"collection":[{"href":"https:\/\/mtllocal.com\/fr\/wp-json\/wp\/v2\/pages"}],"about":[{"href":"https:\/\/mtllocal.com\/fr\/wp-json\/wp\/v2\/types\/page"}],"author":[{"embeddable":true,"href":"https:\/\/mtllocal.com\/fr\/wp-json\/wp\/v2\/users\/2"}],"replies":[{"embeddable":true,"href":"https:\/\/mtllocal.com\/fr\/wp-json\/wp\/v2\/comments?post=28125"}],"version-history":[{"count":9,"href":"https:\/\/mtllocal.com\/fr\/wp-json\/wp\/v2\/pages\/28125\/revisions"}],"predecessor-version":[{"id":28487,"href":"https:\/\/mtllocal.com\/fr\/wp-json\/wp\/v2\/pages\/28125\/revisions\/28487"}],"wp:attachment":[{"href":"https:\/\/mtllocal.com\/fr\/wp-json\/wp\/v2\/media?parent=28125"}],"curies":[{"name":"wp","href":"https:\/\/api.w.org\/{rel}","templated":true}]}}